{"id":2,"date":"2017-06-15T04:20:37","date_gmt":"2017-06-14T21:20:37","guid":{"rendered":"http:\/\/raothue.ddns.net\/demo\/rt-core\/?page_id=2"},"modified":"2017-09-25T09:51:37","modified_gmt":"2017-09-25T02:51:37","slug":"gioi-thieu-cong-ty","status":"publish","type":"page","link":"https:\/\/c481-xaydunghanoi.com-vn.net\/?page_id=2","title":{"rendered":"Gi\u1edbi thi\u1ec7u c\u00f4ng ty"},"content":{"rendered":"<p>M\u1eb7t kh\u00e1c, \u0111\u1ec3 gi\u00fap c\u00e1c doanh nghi\u1ec7p ti\u1ebfp c\u1eadn v\u00e0 \u1ee9ng d\u1ee5ng c\u00f4ng ngh\u1ec7 th\u00f4ng tin v\u00e0o s\u1ea3n xu\u1ea5t kinh doanh, ch\u00fang t\u00f4i \u0111\u00e3 x\u00e2y d\u1ef1ng h\u1ec7 th\u1ed1ng Website mi\u1ec5n ph\u00ed cho doanh nghi\u1ec7p. \u0110\u01b0\u1ee3c s\u1eed d\u1ee5ng nh\u01b0 m\u1ed9t website th\u00f4ng th\u01b0\u1eddng, \u0111\u01b0\u1ee3c mi\u1ec5n ph\u00ed thi\u1ebft k\u1ebf, mi\u1ec5n ph\u00ed t\u00ean mi\u1ec1n, mi\u1ec5n ph\u00ed hosting,&#8230;<\/p>\n<p>c\u00f3 account qu\u1ea3n tr\u1ecb th\u00f4ng tin, c\u1eadp nh\u1eadt s\u1ea3n ph\u1ea9m d\u1ecbch v\u1ee5, d\u1ec5 s\u1eed d\u1ee5ng, b\u1ea3o m\u1eadt v\u00e0 an to\u00e0n, hi\u1ec7n \u0111\u00e3 c\u00f3 h\u01a1n 6.000 doanh nghi\u1ec7p \u0111\u00e3 s\u1eed d\u1ee5ng h\u01a1n 5 n\u0103m v\u00e0 r\u1ea5t hi\u1ec7u qu\u1ea3. Th\u00f4ng tin c\u1ee7a doanh nghi\u1ec7p tr\u01b0\u1edbc khi \u0111\u0103ng t\u1ea3i tr\u00ean Trang v\u00e0ng lu\u00f4n \u0111\u01b0\u1ee3c x\u00e1c<\/p>\n<p>\u0110\u00e2y l\u00e0 m\u1ed9t trang m\u1eabu. N\u00f3 kh\u00e1c v\u1edbi m\u1ed9t b\u00e0i blog b\u1edfi v\u00ec n\u00f3 s\u1ebd l\u00e0 m\u1ed9t trang t\u0129nh v\u00e0 s\u1ebd \u0111\u01b0\u1ee3c th\u00eam v\u00e0o thanh menu c\u1ee7a trang web c\u1ee7a b\u1ea1n (trong h\u1ea7u h\u1ebft theme). M\u1ecdi ng\u01b0\u1eddi th\u01b0\u1eddng b\u1eaft \u0111\u1ea7u b\u1eb1ng m\u1ed9t trang Gi\u1edbi thi\u1ec7u \u0111\u1ec3 gi\u1edbi thi\u1ec7u b\u1ea3n th\u00e2n \u0111\u1ebfn ng\u01b0\u1eddi d\u00f9ng ti\u1ec1m n\u0103ng. B\u1ea1n c\u00f3 th\u1ec3 vi\u1ebft nh\u01b0 sau:<\/p>\n<blockquote><p>Xin ch\u00e0o! T\u00f4i l\u00e0 ng\u01b0\u1eddi giao th\u01b0 b\u1eb1ng xe \u0111\u1ea1p v\u00e0o ban ng\u00e0y, m\u1ed9t di\u1ec5n vi\u00ean \u0111\u1ea7y tham v\u1ecdng v\u00e0o ban \u0111\u00eam, v\u00e0 \u0111\u00e2y l\u00e0 trang web c\u1ee7a t\u00f4i. T\u00f4i s\u1ed1ng \u1edf Los Angeles, c\u00f3 m\u1ed9t ch\u00fa cho tuy\u1ec7t v\u1eddi t\u00ean l\u00e0 Jack, v\u00e0 t\u00f4i th\u00edch u\u1ed1ng cocktail.<\/p><\/blockquote>\n<p>&#8230;hay nh\u01b0 th\u1ebf n\u00e0y:<\/p>\n<blockquote><p>C\u00f4ng ty XYZ Doohickey \u0111\u01b0\u1ee3c th\u00e0nh l\u1eadp v\u00e0o n\u0103m 1971, v\u00e0 \u0111\u00e3 cung c\u1ea5p \u0111\u1ed3 d\u00f9ng ch\u1ea5t l\u01b0\u1ee3ng cho c\u00f4ng ch\u00fang k\u1ec3 t\u1eeb \u0111\u00f3. N\u1eb1m \u1edf th\u00e0nh ph\u1ed1 Gotham, XYZ t\u1ea1o vi\u1ec7c l\u00e0m cho h\u01a1n 2.000 ng\u01b0\u1eddi v\u00e0 l\u00e0m t\u1ea5t c\u1ea3 nh\u1eefng \u0111i\u1ec1u tuy\u1ec7t v\u1eddi cho c\u1ed9ng \u0111\u1ed3ng Gotham.<\/p><\/blockquote>\n<p>L\u00e0 ng\u01b0\u1eddi d\u00f9ng WordPress m\u1edbi, b\u1ea1n n\u00ean truy c\u1eadp <a href=\"http:\/\/c481-xaydunghanoi.com-vn.net\/wp-admin\/\">trang qu\u1ea3n tr\u1ecb<\/a> \u0111\u1ec3 x\u00f3a trang n\u00e0y v\u00e0 t\u1ea1o c\u00e1c trang m\u1edbi cho n\u1ed9i dung c\u1ee7a b\u1ea1n. Ch\u00fac vui v\u1ebb!<\/p>\n","protected":false},"excerpt":{"rendered":"<p>M\u1eb7t kh\u00e1c, \u0111\u1ec3 gi\u00fap c\u00e1c doanh nghi\u1ec7p ti\u1ebfp c\u1eadn v\u00e0 \u1ee9ng d\u1ee5ng c\u00f4ng ngh\u1ec7 th\u00f4ng tin v\u00e0o s\u1ea3n xu\u1ea5t kinh &hellip; <a class=\"link-more\" href=\"https:\/\/c481-xaydunghanoi.com-vn.net\/?page_id=2\" class=\"more-link\">\u0110\u1ecdc th\u00eam &raquo;<span class=\"screen-reader-text\"> &#8220;Gi\u1edbi thi\u1ec7u c\u00f4ng ty&#8221;<\/span><\/a><\/p>\n","protected":false},"author":1,"featured_media":130,"parent":0,"menu_order":0,"comment_status":"closed","ping_status":"closed","template":"","meta":[],"_links":{"self":[{"href":"https:\/\/c481-xaydunghanoi.com-vn.net\/index.php?rest_route=\/wp\/v2\/pages\/2"}],"collection":[{"href":"https:\/\/c481-xaydunghanoi.com-vn.net\/index.php?rest_route=\/wp\/v2\/pages"}],"about":[{"href":"https:\/\/c481-xaydunghanoi.com-vn.net\/index.php?rest_route=\/wp\/v2\/types\/page"}],"author":[{"embeddable":true,"href":"https:\/\/c481-xaydunghanoi.com-vn.net\/index.php?rest_route=\/wp\/v2\/users\/1"}],"replies":[{"embeddable":true,"href":"https:\/\/c481-xaydunghanoi.com-vn.net\/index.php?rest_route=%2Fwp%2Fv2%2Fcomments&post=2"}],"version-history":[{"count":4,"href":"https:\/\/c481-xaydunghanoi.com-vn.net\/index.php?rest_route=\/wp\/v2\/pages\/2\/revisions"}],"predecessor-version":[{"id":143,"href":"https:\/\/c481-xaydunghanoi.com-vn.net\/index.php?rest_route=\/wp\/v2\/pages\/2\/revisions\/143"}],"wp:featuredmedia":[{"embeddable":true,"href":"https:\/\/c481-xaydunghanoi.com-vn.net\/index.php?rest_route=\/wp\/v2\/media\/130"}],"wp:attachment":[{"href":"https:\/\/c481-xaydunghanoi.com-vn.net\/index.php?rest_route=%2Fwp%2Fv2%2Fmedia&parent=2"}],"curies":[{"name":"wp","href":"https:\/\/api.w.org\/{rel}","templated":true}]}}